{"id":112,"date":"2018-09-16T21:57:27","date_gmt":"2018-09-16T21:57:27","guid":{"rendered":"http:\/\/formaciondelactor.cl\/?page_id=112"},"modified":"2018-11-29T15:18:05","modified_gmt":"2018-11-29T15:18:05","slug":"sobre-el-autor","status":"publish","type":"page","link":"https:\/\/formaciondelactor.cl\/?page_id=112","title":{"rendered":"Sobre el Autor"},"content":{"rendered":"\n<p><span class=\"removed_link\" title=\"http:\/\/www.autocontrolyestres.cl\"><\/span><\/p>\n\n\n\n<p><\/p>\n\n\n\n<p class=\"has-regular-font-size\">Juan Curilem Fincheira, autor de la presente metodolog\u00eda l\u00fadica para la formaci\u00f3n del actor, ha realizado gran parte de su carrera en Argentina donde se ha desempe\u00f1ado como Actor, Director Teatral, Director de actores en producciones cinematogr\u00e1ficas, e Investigador Teatral.Profesor de Actuaci\u00f3n, autor del libro de metodolog\u00eda \u201cEl Teatro Juego Total\u201d.<\/p>\n\n\n\n<p class=\"has-regular-font-size\">Profesor de voz, Actor, Director teatral y Dramaturgo, Director del taller experimental de teatro de la Universidad de Concepci\u00f3n (69-73), miembro del Teatro Profesional de la Universidad de Concepci\u00f3n. Director de la Casa Cultural Contracanto de Buenos Aires. Docente de teatro en capacitaci\u00f3n docente para el ministerio de educaci\u00f3n de la Pcia. De C\u00f3rdoba.<br><\/p>\n\n\n\n<p class=\"has-regular-font-size\">Realizador de un taller teatral en el canal 10 de C\u00f3rdoba, Argentina.<br>Representa a Chile en el IV Festival Internacional de Teatro de Manizales; es adem\u00e1s Licenciado en Sociolog\u00eda.<br><\/p>\n\n\n\n<p class=\"has-regular-font-size\">Es el autor de una nueva metodolog\u00eda para el autocontrol del estres, la cual puedes visitar en <a href=\"http:\/\/www.autocontrolyestres.cl\ufeff\" class=\"broken_link\" rel=\"nofollow\">www.autocontrolyestres.cl<\/a><br><\/p>\n\n\n\n<p class=\"has-small-font-size\"><\/p>\n\n\n\n<p><span class=\"removed_link\" title=\"http:\/\/www.autocontrolyestres.cl\"><\/span><\/p>\n","protected":false},"excerpt":{"rendered":"<p>Juan Curilem Fincheira, autor de la presente metodolog\u00eda l\u00fadica para la formaci\u00f3n del actor, ha realizado gran parte de su carrera en Argentina donde se ha desempe\u00f1ado como Actor, Director Teatral, Director de actores en producciones cinematogr\u00e1ficas, e Investigador Teatral.Profesor de Actuaci\u00f3n, autor del libro de metodolog\u00eda \u201cEl Teatro Juego Total\u201d. Profesor de voz, Actor,&hellip;<\/p>\n","protected":false},"author":1,"featured_media":0,"parent":0,"menu_order":0,"comment_status":"closed","ping_status":"closed","template":"","meta":[],"_links":{"self":[{"href":"https:\/\/formaciondelactor.cl\/index.php?rest_route=\/wp\/v2\/pages\/112"}],"collection":[{"href":"https:\/\/formaciondelactor.cl\/index.php?rest_route=\/wp\/v2\/pages"}],"about":[{"href":"https:\/\/formaciondelactor.cl\/index.php?rest_route=\/wp\/v2\/types\/page"}],"author":[{"embeddable":true,"href":"https:\/\/formaciondelactor.cl\/index.php?rest_route=\/wp\/v2\/users\/1"}],"replies":[{"embeddable":true,"href":"https:\/\/formaciondelactor.cl\/index.php?rest_route=%2Fwp%2Fv2%2Fcomments&post=112"}],"version-history":[{"count":8,"href":"https:\/\/formaciondelactor.cl\/index.php?rest_route=\/wp\/v2\/pages\/112\/revisions"}],"predecessor-version":[{"id":163,"href":"https:\/\/formaciondelactor.cl\/index.php?rest_route=\/wp\/v2\/pages\/112\/revisions\/163"}],"wp:attachment":[{"href":"https:\/\/formaciondelactor.cl\/index.php?rest_route=%2Fwp%2Fv2%2Fmedia&parent=112"}],"curies":[{"name":"wp","href":"https:\/\/api.w.org\/{rel}","templated":true}]}}